{"id":17817,"date":"2025-07-26T19:53:03","date_gmt":"2025-07-26T17:53:03","guid":{"rendered":"https:\/\/upseo.net\/pages-mobiles-seo\/"},"modified":"2025-09-11T21:55:00","modified_gmt":"2025-09-11T19:55:00","slug":"pages-mobiles-seo","status":"publish","type":"page","link":"https:\/\/upseo.net\/fr\/pages-mobiles-seo\/","title":{"rendered":"Pages mobiles &#8211; SEO"},"content":{"rendered":"\t\t<div data-elementor-type=\"wp-page\" data-elementor-id=\"17817\" class=\"elementor elementor-17817 elementor-17086\">\n\t\t\t\t<div class=\"elementor-element elementor-element-59365cc e-flex e-con-boxed e-con e-parent\" data-id=\"59365cc\" data-element_type=\"container\">\n\t\t\t\t\t<div class=\"e-con-inner\">\n\t\t\t\t<div class=\"elementor-element elementor-element-0de0d40 elementor-widget elementor-widget-heading\" data-id=\"0de0d40\" data-element_type=\"widget\" data-widget_type=\"heading.default\">\n\t\t\t\t\t<h2 class=\"elementor-heading-title elementor-size-default\">Pages mobiles - SEO<\/h2>\t\t\t\t<\/div>\n\t\t\t\t\t<\/div>\n\t\t\t\t<\/div>\n\t\t<div class=\"elementor-element elementor-element-e749e76 e-flex e-con-boxed e-con e-parent\" data-id=\"e749e76\" data-element_type=\"container\">\n\t\t\t\t\t<div class=\"e-con-inner\">\n\t\t\t\t<div class=\"elementor-element elementor-element-7a67b67 elementor-widget elementor-widget-text-editor\" data-id=\"7a67b67\" data-element_type=\"widget\" data-widget_type=\"text-editor.default\">\n\t\t\t\t\t\t\t\t\t<p>Google favorise les sites web adapt\u00e9s aux appareils mobiles. Pour r\u00e9pondre aux exigences du moteur de recherche, nous avons pr\u00e9par\u00e9 une offre pour mettre \u00e0 jour votre site en version mobile, r\u00e9pondant ainsi aux derni\u00e8res exigences du r\u00e9f\u00e9rencement. <\/p>\t\t\t\t\t\t\t\t<\/div>\n\t\t\t\t\t<\/div>\n\t\t\t\t<\/div>\n\t\t<div class=\"elementor-element elementor-element-0f7bb0d e-flex e-con-boxed e-con e-parent\" data-id=\"0f7bb0d\" data-element_type=\"container\">\n\t\t\t\t\t<div class=\"e-con-inner\">\n\t\t\t\t<div class=\"elementor-element elementor-element-b1cdc88 elementor-widget elementor-widget-heading\" data-id=\"b1cdc88\" data-element_type=\"widget\" data-widget_type=\"heading.default\">\n\t\t\t\t\t<h2 class=\"elementor-heading-title elementor-size-default\">Soyez proche de votre client<\/h2>\t\t\t\t<\/div>\n\t\t\t\t\t<\/div>\n\t\t\t\t<\/div>\n\t\t<div class=\"elementor-element elementor-element-f41c534 e-flex e-con-boxed e-con e-parent\" data-id=\"f41c534\" data-element_type=\"container\">\n\t\t\t\t\t<div class=\"e-con-inner\">\n\t\t\t\t<div class=\"elementor-element elementor-element-4d049dd elementor-widget elementor-widget-text-editor\" data-id=\"4d049dd\" data-element_type=\"widget\" data-widget_type=\"text-editor.default\">\n\t\t\t\t\t\t\t\t\t<p>Vous voulez \u00eatre \u00e0 port\u00e9e de main de votre client ? Il est temps de s&#8217;ouvrir aux appareils mobiles ! Plus de 90 % de vos clients poss\u00e8dent au moins l&#8217;un d&#8217;entre eux, et les smartphones et tablettes cr\u00e9ent une d\u00e9pendance ! L&#8217;utilisateur moyen ne se s\u00e9pare pas de son t\u00e9l\u00e9phone tactile, le v\u00e9rifiant jusqu&#8217;\u00e0 150 fois par jour, et le trafic mobile sur les sites web repr\u00e9sente 25 \u00e0 50 % de toutes les visites ! En d&#8217;autres termes, votre site doit \u00eatre mobile !    <\/p>\t\t\t\t\t\t\t\t<\/div>\n\t\t\t\t\t<\/div>\n\t\t\t\t<\/div>\n\t\t<div class=\"elementor-element elementor-element-2654e84 e-flex e-con-boxed e-con e-parent\" data-id=\"2654e84\" data-element_type=\"container\">\n\t\t\t\t\t<div class=\"e-con-inner\">\n\t\t\t\t<div class=\"elementor-element elementor-element-1a4d540 elementor-widget elementor-widget-heading\" data-id=\"1a4d540\" data-element_type=\"widget\" data-widget_type=\"heading.default\">\n\t\t\t\t\t<h2 class=\"elementor-heading-title elementor-size-default\">Conqu\u00e9rez les c\u0153urs des utilisateurs mobiles<\/h2>\t\t\t\t<\/div>\n\t\t\t\t\t<\/div>\n\t\t\t\t<\/div>\n\t\t<div class=\"elementor-element elementor-element-c028dd9 e-flex e-con-boxed e-con e-parent\" data-id=\"c028dd9\" data-element_type=\"container\">\n\t\t\t\t\t<div class=\"e-con-inner\">\n\t\t\t\t<div class=\"elementor-element elementor-element-dbf6083 elementor-widget elementor-widget-text-editor\" data-id=\"dbf6083\" data-element_type=\"widget\" data-widget_type=\"text-editor.default\">\n\t\t\t\t\t\t\t\t\t<p>Seuls 15 % des utilisateurs sont satisfaits de la qualit\u00e9 des pages consult\u00e9es sur leur appareil mobile. De plus, depuis avril 2015, les pages non adapt\u00e9es au mobile sont affich\u00e9es plus bas dans les r\u00e9sultats de recherche Google que celles que les propri\u00e9taires de smartphones peuvent consulter sans probl\u00e8me. La solution est unique : le chemin vers le c\u0153ur des clients mobiles passe par un site responsive, c&#8217;est-\u00e0-dire con\u00e7u en Responsive Web Design. Gr\u00e2ce \u00e0 cette technologie, le site s&#8217;adapte automatiquement \u00e0 l&#8217;appareil sur lequel il est affich\u00e9 &#8211; il n&#8217;est pas n\u00e9cessaire d&#8217;\u00ab \u00e9tirer \u00bb l&#8217;\u00e9cran ou de cliquer sur les \u00e9l\u00e9ments du menu.   <\/p>\t\t\t\t\t\t\t\t<\/div>\n\t\t\t\t\t<\/div>\n\t\t\t\t<\/div>\n\t\t<div class=\"elementor-element elementor-element-a7a354e e-flex e-con-boxed e-con e-parent\" data-id=\"a7a354e\" data-element_type=\"container\">\n\t\t\t\t\t<div class=\"e-con-inner\">\n\t\t\t\t<div class=\"elementor-element elementor-element-3ae8091 elementor-widget elementor-widget-heading\" data-id=\"3ae8091\" data-element_type=\"widget\" data-widget_type=\"heading.default\">\n\t\t\t\t\t<h2 class=\"elementor-heading-title elementor-size-default\">Une recette simple pour le succ\u00e8s mobile<\/h2>\t\t\t\t<\/div>\n\t\t\t\t\t<\/div>\n\t\t\t\t<\/div>\n\t\t<div class=\"elementor-element elementor-element-66fcf8d e-flex e-con-boxed e-con e-parent\" data-id=\"66fcf8d\" data-element_type=\"container\">\n\t\t\t\t\t<div class=\"e-con-inner\">\n\t\t\t\t<div class=\"elementor-element elementor-element-beeaf3a elementor-widget elementor-widget-text-editor\" data-id=\"beeaf3a\" data-element_type=\"widget\" data-widget_type=\"text-editor.default\">\n\t\t\t\t\t\t\t\t\t<p>Comment pouvez-vous adapter votre site aux besoins des clients mobiles ? Tr\u00e8s simplement &#8211; notre \u00e9quipe de programmeurs exp\u00e9riment\u00e9s fera tout pour vous ! De plus, vous aurez la certitude que votre site sera pr\u00e9par\u00e9 conform\u00e9ment aux normes SEO.  <\/p>\t\t\t\t\t\t\t\t<\/div>\n\t\t\t\t\t<\/div>\n\t\t\t\t<\/div>\n\t\t<div class=\"elementor-element elementor-element-d8d1e22 e-flex e-con-boxed e-con e-parent\" data-id=\"d8d1e22\" data-element_type=\"container\">\n\t\t\t\t\t<div class=\"e-con-inner\">\n\t\t\t\t<div class=\"elementor-element elementor-element-4076cdb elementor-widget elementor-widget-heading\" data-id=\"4076cdb\" data-element_type=\"widget\" data-widget_type=\"heading.default\">\n\t\t\t\t\t<h2 class=\"elementor-heading-title elementor-size-default\">Nous proposons :<\/h2>\t\t\t\t<\/div>\n\t\t\t\t\t<\/div>\n\t\t\t\t<\/div>\n\t\t<div class=\"elementor-element elementor-element-56bf60f e-flex e-con-boxed e-con e-parent\" data-id=\"56bf60f\" data-element_type=\"container\">\n\t\t\t\t\t<div class=\"e-con-inner\">\n\t\t\t\t<div class=\"elementor-element elementor-element-80e131d elementor-widget elementor-widget-text-editor\" data-id=\"80e131d\" data-element_type=\"widget\" data-widget_type=\"text-editor.default\">\n\t\t\t\t\t\t\t\t\t<ul><li>la modification de vos mod\u00e8les de site actuels et leur adaptation pour un affichage correct sur les smartphones et les tablettes, c&#8217;est-\u00e0-dire la cr\u00e9ation d&#8217;une version responsive du site<\/li><li>le test de compatibilit\u00e9 mobile-friendly de Google<\/li><li>la mise en \u0153uvre et l&#8217;installation de tous les changements sur votre serveur<\/li><\/ul><p>Nous avons seulement besoin d&#8217;un acc\u00e8s \u00e0 votre serveur (donn\u00e9es FTP).<\/p><p>Ce qui est important : toutes les modifications ult\u00e9rieures apport\u00e9es dans le syst\u00e8me de gestion de contenu seront \u00e9galement visibles dans les versions mobiles (il ne sera donc pas n\u00e9cessaire d&#8217;apporter des modifications \u00e0 plusieurs endroits diff\u00e9rents).<\/p><p>Bien s\u00fbr, il faut garder \u00e0 l&#8217;esprit que tous les mod\u00e8les ne peuvent pas \u00eatre enti\u00e8rement transpos\u00e9s en Responsive Web Design. Cette technologie a ses limites, mais la plupart (environ 90 %), y compris toutes les fonctions les plus importantes du site, se retrouveront certainement sur les appareils mobiles. <\/p>\t\t\t\t\t\t\t\t<\/div>\n\t\t\t\t\t<\/div>\n\t\t\t\t<\/div>\n\t\t\t\t<\/div>\n\t\t\n    <div class=\"xs_social_share_widget xs_share_url after_content \t\tmain_content  wslu-style-1 wslu-share-box-shaped wslu-fill-colored wslu-none wslu-share-horizontal wslu-theme-font-no wslu-main_content\">\n\n\t\t\n        <ul>\n\t\t\t        <\/ul>\n    <\/div> \n","protected":false},"excerpt":{"rendered":"<p>Pages mobiles &#8211; SEO Google favorise les sites web adapt\u00e9s aux appareils mobiles. Pour r\u00e9pondre aux exigences du moteur de recherche, nous avons pr\u00e9par\u00e9 une offre pour mettre \u00e0 jour votre site en version mobile, r\u00e9pondant ainsi aux derni\u00e8res exigences du r\u00e9f\u00e9rencement. Soyez proche de votre client Vous voulez \u00eatre \u00e0 port\u00e9e de main de&#8230;<\/p>\n","protected":false},"author":1,"featured_media":0,"parent":0,"menu_order":0,"comment_status":"closed","ping_status":"closed","template":"","meta":{"footnotes":""},"class_list":["post-17817","page","type-page","status-publish","hentry"],"_links":{"self":[{"href":"https:\/\/upseo.net\/fr\/wp-json\/wp\/v2\/pages\/17817","targetHints":{"allow":["GET"]}}],"collection":[{"href":"https:\/\/upseo.net\/fr\/wp-json\/wp\/v2\/pages"}],"about":[{"href":"https:\/\/upseo.net\/fr\/wp-json\/wp\/v2\/types\/page"}],"author":[{"embeddable":true,"href":"https:\/\/upseo.net\/fr\/wp-json\/wp\/v2\/users\/1"}],"replies":[{"embeddable":true,"href":"https:\/\/upseo.net\/fr\/wp-json\/wp\/v2\/comments?post=17817"}],"version-history":[{"count":1,"href":"https:\/\/upseo.net\/fr\/wp-json\/wp\/v2\/pages\/17817\/revisions"}],"predecessor-version":[{"id":17825,"href":"https:\/\/upseo.net\/fr\/wp-json\/wp\/v2\/pages\/17817\/revisions\/17825"}],"wp:attachment":[{"href":"https:\/\/upseo.net\/fr\/wp-json\/wp\/v2\/media?parent=17817"}],"curies":[{"name":"wp","href":"https:\/\/api.w.org\/{rel}","templated":true}]}}