{"id":17629,"date":"2023-12-10T06:24:22","date_gmt":"2023-12-10T05:24:22","guid":{"rendered":"https:\/\/upseo.net\/faq\/"},"modified":"2025-09-11T19:46:11","modified_gmt":"2025-09-11T17:46:11","slug":"faq","status":"publish","type":"page","link":"https:\/\/upseo.net\/en\/faq\/","title":{"rendered":"FAQ"},"content":{"rendered":"\t\t<div data-elementor-type=\"wp-page\" data-elementor-id=\"17629\" class=\"elementor elementor-17629 elementor-24\">\n\t\t\t\t<div class=\"elementor-element elementor-element-228cbc1 e-con-full dark_section_bg1 e-flex e-con e-parent\" data-id=\"228cbc1\" data-element_type=\"container\" data-settings=\"{&quot;background_background&quot;:&quot;gradient&quot;}\">\n\t\t<div class=\"elementor-element elementor-element-03e522c e-flex e-con-boxed e-con e-child\" data-id=\"03e522c\" data-element_type=\"container\">\n\t\t\t\t\t<div class=\"e-con-inner\">\n\t\t\t\t<div class=\"elementor-element elementor-element-c4502c4 elementor-widget__width-initial elementor-widget elementor-widget-react-heading\" data-id=\"c4502c4\" data-element_type=\"widget\" data-widget_type=\"react-heading.default\">\n\t\t\t\t<div class=\"elementor-widget-container\">\n\t\t\t\t\t\t\t<div class=\"animation-style1 react-heading default  title-border-no\">\r\n\t\t\t<div class=\"title-inner no\">\r\n\t\t\t\t<div class=\"skew-up\"><h1 class=\"title word-line\">Zwied\u017a nasz\u0105<span class=\"high_light_text\">Najcz\u0119\u015bciej zadawane pytania<\/span><\/h1><\/div>\t\t\t<\/div>\r\n\t\t\t\r\n\t\t\t\t\t\t\t\t<\/div>\t\t\t\r\n\t\t\t\t\t<\/div>\n\t\t\t\t<\/div>\n\t\t\t\t\t<\/div>\n\t\t\t\t<\/div>\n\t\t\t\t<\/div>\n\t\t<div class=\"elementor-element elementor-element-ab130c1 dark_body_bg e-flex e-con-boxed e-con e-parent\" data-id=\"ab130c1\" data-element_type=\"container\" data-settings=\"{&quot;background_background&quot;:&quot;gradient&quot;}\">\n\t\t\t\t\t<div class=\"e-con-inner\">\n\t\t\t\t<div class=\"elementor-element elementor-element-27174ea elementor-widget elementor-widget-react-heading\" data-id=\"27174ea\" data-element_type=\"widget\" data-widget_type=\"react-heading.default\">\n\t\t\t\t<div class=\"elementor-widget-container\">\n\t\t\t\t\t\t\t<div class=\"animation-style1 react-heading default  title-border-no\">\r\n\t\t\t<div class=\"title-inner no\">\r\n\t\t\t\t<span class=\"sub-text word-line\">Nasze FAQ<\/span><div class=\"skew-up\"><h2 class=\"title word-line\">Cz\u0119sto zadawane pytania<\/h2><\/div>\t\t\t<\/div>\r\n\t\t\t\r\n\t\t\t\t\t\t\t\t<\/div>\t\t\t\r\n\t\t\t\t\t<\/div>\n\t\t\t\t<\/div>\n\t\t<div class=\"elementor-element elementor-element-9790305 border_color e-flex e-con-boxed e-con e-child\" data-id=\"9790305\" data-element_type=\"container\">\n\t\t\t\t\t<div class=\"e-con-inner\">\n\t\t\t\t<div class=\"elementor-element elementor-element-412acc4 elementor-widget elementor-widget-rt-custom-accordions\" data-id=\"412acc4\" data-element_type=\"widget\" data-widget_type=\"rt-custom-accordions.default\">\n\t\t\t\t<div class=\"elementor-widget-container\">\n\t\t\t\t\t        <div class=\"rts-accordion style2\" id=\"accordionExample14234\">\n                                    <div class=\"accordion-item\">\n                        <div class=\"accordion-header\" id=\"heading-142341\">\n                            <h3 class=\"accordion-button m-0 \" data-bs-toggle=\"collapse\" data-bs-target=\"#collapse142341\" aria-expanded=\"true\" aria-controls=\"collapse142341\">\n\n                                                      \n                            Jakie s\u0105 g\u0142\u00f3wne us\u0142ugi, kt\u00f3re oferujecie jako firma zajmuj\u0105ca si\u0119 projektowaniem UX i budowaniem marki?\n                                                            <span class=\"accordion-icon\"><i aria-hidden=\"true\" class=\"rt rt-angle-down\"><\/i><\/span> <span class=\"accordion-icon-active\"> <i aria-hidden=\"true\" class=\"rt rt-angle-up\"><\/i><\/span>\n                                    \n                            <\/h3>\n                        <\/div>\n                        <div id=\"collapse142341\" class=\"accordion-collapse collapse show\" aria-labelledby=\"heading142341\" data-bs-parent=\"#accordionExample14234\">\n                            <p class=\"accordion-body m-0\">\n                                Jednak nasza pasja do brandingu i zapotrzebowanie klient\u00f3w sk\u0142oni\u0142y nas do rozszerzenia oferty o kompleksowe us\u0142ugi projektowania marki, projektowania stron internetowych i tworzenia witryn marketingowych.\n\nObecnie nasze projekty obejmuj\u0105 szeroki zakres, od tworzenia nowych produkt\u00f3w i definiowania marek po rewitalizacj\u0119 istniej\u0105cych aplikacji mobilnych, stron internetowych i oprogramowania korporacyjnego. Specjalizujemy si\u0119 w tworzeniu produkt\u00f3w cyfrowych, kt\u00f3re w pe\u0142ni odzwierciedlaj\u0105 osobowo\u015b\u0107 marki i zapewniaj\u0105 klientom zachwycaj\u0105ce do\u015bwiadczenia.                            <\/p>\n                            \n                            \n                        <\/div>\n                    <\/div>\n\n                                        <div class=\"accordion-item\">\n                        <div class=\"accordion-header\" id=\"heading-142342\">\n                            <h3 class=\"accordion-button m-0 collapsed\" data-bs-toggle=\"collapse\" data-bs-target=\"#collapse142342\" aria-expanded=\"false\" aria-controls=\"collapse142342\">\n\n                                                      \n                            Czy wsp\u00f3\u0142pracujesz z klientami w r\u00f3\u017cnych strefach czasowych?\n                                                            <span class=\"accordion-icon\"><i aria-hidden=\"true\" class=\"rt rt-angle-down\"><\/i><\/span> <span class=\"accordion-icon-active\"> <i aria-hidden=\"true\" class=\"rt rt-angle-up\"><\/i><\/span>\n                                    \n                            <\/h3>\n                        <\/div>\n                        <div id=\"collapse142342\" class=\"accordion-collapse collapse \" aria-labelledby=\"heading142342\" data-bs-parent=\"#accordionExample14234\">\n                            <p class=\"accordion-body m-0\">\n                                Jednak nasza pasja do brandingu i zapotrzebowanie klient\u00f3w sk\u0142oni\u0142y nas do rozszerzenia oferty o kompleksowe us\u0142ugi projektowania marki, projektowania stron internetowych i tworzenia witryn marketingowych.\n\nObecnie nasze projekty obejmuj\u0105 szeroki zakres, od tworzenia nowych produkt\u00f3w i definiowania marek po rewitalizacj\u0119 istniej\u0105cych aplikacji mobilnych, stron internetowych i oprogramowania korporacyjnego. Specjalizujemy si\u0119 w tworzeniu produkt\u00f3w cyfrowych, kt\u00f3re w pe\u0142ni odzwierciedlaj\u0105 osobowo\u015b\u0107 marki i zapewniaj\u0105 klientom zachwycaj\u0105ce do\u015bwiadczenia.                            <\/p>\n                            \n                            \n                        <\/div>\n                    <\/div>\n\n                                        <div class=\"accordion-item\">\n                        <div class=\"accordion-header\" id=\"heading-142343\">\n                            <h3 class=\"accordion-button m-0 collapsed\" data-bs-toggle=\"collapse\" data-bs-target=\"#collapse142343\" aria-expanded=\"false\" aria-controls=\"collapse142343\">\n\n                                                      \n                            Co wyr\u00f3\u017cnia Ci\u0119 na tle innych agencji zajmuj\u0105cych si\u0119 brandingiem i projektowaniem stron internetowych?\n                                                            <span class=\"accordion-icon\"><i aria-hidden=\"true\" class=\"rt rt-angle-down\"><\/i><\/span> <span class=\"accordion-icon-active\"> <i aria-hidden=\"true\" class=\"rt rt-angle-up\"><\/i><\/span>\n                                    \n                            <\/h3>\n                        <\/div>\n                        <div id=\"collapse142343\" class=\"accordion-collapse collapse \" aria-labelledby=\"heading142343\" data-bs-parent=\"#accordionExample14234\">\n                            <p class=\"accordion-body m-0\">\n                                Jednak nasza pasja do brandingu i zapotrzebowanie klient\u00f3w sk\u0142oni\u0142y nas do rozszerzenia oferty o kompleksowe us\u0142ugi projektowania marki, projektowania stron internetowych i tworzenia witryn marketingowych.\n\nObecnie nasze projekty obejmuj\u0105 szeroki zakres, od tworzenia nowych produkt\u00f3w i definiowania marek po rewitalizacj\u0119 istniej\u0105cych aplikacji mobilnych, stron internetowych i oprogramowania korporacyjnego. Specjalizujemy si\u0119 w tworzeniu produkt\u00f3w cyfrowych, kt\u00f3re w pe\u0142ni odzwierciedlaj\u0105 osobowo\u015b\u0107 marki i zapewniaj\u0105 klientom zachwycaj\u0105ce do\u015bwiadczenia.                            <\/p>\n                            \n                            \n                        <\/div>\n                    <\/div>\n\n                                        <div class=\"accordion-item\">\n                        <div class=\"accordion-header\" id=\"heading-142344\">\n                            <h3 class=\"accordion-button m-0 collapsed\" data-bs-toggle=\"collapse\" data-bs-target=\"#collapse142344\" aria-expanded=\"false\" aria-controls=\"collapse142344\">\n\n                                                      \n                            Ile kosztuje zatrudnienie Ci\u0119 do projektu projektowego?\n                                                            <span class=\"accordion-icon\"><i aria-hidden=\"true\" class=\"rt rt-angle-down\"><\/i><\/span> <span class=\"accordion-icon-active\"> <i aria-hidden=\"true\" class=\"rt rt-angle-up\"><\/i><\/span>\n                                    \n                            <\/h3>\n                        <\/div>\n                        <div id=\"collapse142344\" class=\"accordion-collapse collapse \" aria-labelledby=\"heading142344\" data-bs-parent=\"#accordionExample14234\">\n                            <p class=\"accordion-body m-0\">\n                                Jednak nasza pasja do brandingu i zapotrzebowanie klient\u00f3w sk\u0142oni\u0142y nas do rozszerzenia oferty o kompleksowe us\u0142ugi projektowania marki, projektowania stron internetowych i tworzenia witryn marketingowych.\n\nObecnie nasze projekty obejmuj\u0105 szeroki zakres, od tworzenia nowych produkt\u00f3w i definiowania marek po rewitalizacj\u0119 istniej\u0105cych aplikacji mobilnych, stron internetowych i oprogramowania korporacyjnego. Specjalizujemy si\u0119 w tworzeniu produkt\u00f3w cyfrowych, kt\u00f3re w pe\u0142ni odzwierciedlaj\u0105 osobowo\u015b\u0107 marki i zapewniaj\u0105 klientom zachwycaj\u0105ce do\u015bwiadczenia.                            <\/p>\n                            \n                            \n                        <\/div>\n                    <\/div>\n\n                                        <div class=\"accordion-item\">\n                        <div class=\"accordion-header\" id=\"heading-142345\">\n                            <h3 class=\"accordion-button m-0 collapsed\" data-bs-toggle=\"collapse\" data-bs-target=\"#collapse142345\" aria-expanded=\"false\" aria-controls=\"collapse142345\">\n\n                                                      \n                            Czy mo\u017cesz nam pom\u00f3c przeprojektowa\u0107 nasze oprogramowanie B2B\/enterprise?\n                                                            <span class=\"accordion-icon\"><i aria-hidden=\"true\" class=\"rt rt-angle-down\"><\/i><\/span> <span class=\"accordion-icon-active\"> <i aria-hidden=\"true\" class=\"rt rt-angle-up\"><\/i><\/span>\n                                    \n                            <\/h3>\n                        <\/div>\n                        <div id=\"collapse142345\" class=\"accordion-collapse collapse \" aria-labelledby=\"heading142345\" data-bs-parent=\"#accordionExample14234\">\n                            <p class=\"accordion-body m-0\">\n                                Jednak nasza pasja do brandingu i zapotrzebowanie klient\u00f3w sk\u0142oni\u0142y nas do rozszerzenia oferty o kompleksowe us\u0142ugi projektowania marki, projektowania stron internetowych i tworzenia witryn marketingowych.\n\nObecnie nasze projekty obejmuj\u0105 szeroki zakres, od tworzenia nowych produkt\u00f3w i definiowania marek po rewitalizacj\u0119 istniej\u0105cych aplikacji mobilnych, stron internetowych i oprogramowania korporacyjnego. Specjalizujemy si\u0119 w tworzeniu produkt\u00f3w cyfrowych, kt\u00f3re w pe\u0142ni odzwierciedlaj\u0105 osobowo\u015b\u0107 marki i zapewniaj\u0105 klientom zachwycaj\u0105ce do\u015bwiadczenia.                            <\/p>\n                            \n                            \n                        <\/div>\n                    <\/div>\n\n                            <\/div>\n\n        <script>\n            jQuery(document).ready(function () {\n                jQuery('.rts-accordion .accordion-button').click(function () {                  \n                    jQuery('.rts-accordion .accordion-item').removeClass(\"bg_color\");                                       \n                    jQuery(this).closest('.accordion-item').addClass(\"bg_color\");\n                });\n            });\n        <\/script>\n\t\t\t\t<\/div>\n\t\t\t\t<\/div>\n\t\t\t\t\t<\/div>\n\t\t\t\t<\/div>\n\t\t\t\t<div class=\"elementor-element elementor-element-d4238eb elementor-absolute elementor-hidden-mobile elementor-view-default elementor-widget elementor-widget-icon\" data-id=\"d4238eb\" data-element_type=\"widget\" data-settings=\"{&quot;_position&quot;:&quot;absolute&quot;}\" data-widget_type=\"icon.default\">\n\t\t\t\t\t\t\t<div class=\"elementor-icon-wrapper\">\n\t\t\t<div class=\"elementor-icon\">\n\t\t\t<svg xmlns=\"http:\/\/www.w3.org\/2000\/svg\" width=\"98\" height=\"98\" viewBox=\"0 0 98 98\" fill=\"none\"><circle cx=\"49\" cy=\"49\" r=\"49\" fill=\"url(#paint0_linear_16_6938)\"><\/circle><defs><linearGradient id=\"paint0_linear_16_6938\" x1=\"13.1463\" y1=\"84.2561\" x2=\"98\" y2=\"2.52884e-06\" gradientUnits=\"userSpaceOnUse\"><stop stop-color=\"#614CE1\"><\/stop><stop offset=\"1\" stop-color=\"#614CE1\" stop-opacity=\"0\"><\/stop><\/linearGradient><\/defs><\/svg>\t\t\t<\/div>\n\t\t<\/div>\n\t\t\t\t\t\t<\/div>\n\t\t\t\t<div class=\"elementor-element elementor-element-42a6e64 elementor-absolute elementor-hidden-mobile elementor-view-default elementor-widget elementor-widget-icon\" data-id=\"42a6e64\" data-element_type=\"widget\" data-settings=\"{&quot;_position&quot;:&quot;absolute&quot;}\" data-widget_type=\"icon.default\">\n\t\t\t\t\t\t\t<div class=\"elementor-icon-wrapper\">\n\t\t\t<div class=\"elementor-icon\">\n\t\t\t<svg xmlns=\"http:\/\/www.w3.org\/2000\/svg\" width=\"40\" height=\"40\" viewBox=\"0 0 40 40\" fill=\"none\"><circle cx=\"20\" cy=\"20\" r=\"20\" fill=\"url(#paint0_linear_9_5017)\"><\/circle><defs><linearGradient id=\"paint0_linear_9_5017\" x1=\"-1.37518e-06\" y1=\"35.5\" x2=\"40\" y2=\"2.25995e-06\" gradientUnits=\"userSpaceOnUse\"><stop stop-color=\"#36D659\"><\/stop><stop offset=\"1\" stop-color=\"#36D659\" stop-opacity=\"0\"><\/stop><\/linearGradient><\/defs><\/svg>\t\t\t<\/div>\n\t\t<\/div>\n\t\t\t\t\t\t<\/div>\n\t\t\t\t<div class=\"elementor-element elementor-element-45dd0e2 elementor-absolute elementor-hidden-mobile elementor-view-default elementor-widget elementor-widget-icon\" data-id=\"45dd0e2\" data-element_type=\"widget\" data-settings=\"{&quot;_position&quot;:&quot;absolute&quot;}\" data-widget_type=\"icon.default\">\n\t\t\t\t\t\t\t<div class=\"elementor-icon-wrapper\">\n\t\t\t<div class=\"elementor-icon\">\n\t\t\t<svg xmlns=\"http:\/\/www.w3.org\/2000\/svg\" width=\"40\" height=\"40\" viewBox=\"0 0 40 40\" fill=\"none\"><circle cx=\"20\" cy=\"20\" r=\"20\" fill=\"url(#paint0_linear_9_5017)\"><\/circle><defs><linearGradient id=\"paint0_linear_9_5017\" x1=\"-1.37518e-06\" y1=\"35.5\" x2=\"40\" y2=\"2.25995e-06\" gradientUnits=\"userSpaceOnUse\"><stop stop-color=\"#36D659\"><\/stop><stop offset=\"1\" stop-color=\"#36D659\" stop-opacity=\"0\"><\/stop><\/linearGradient><\/defs><\/svg>\t\t\t<\/div>\n\t\t<\/div>\n\t\t\t\t\t\t<\/div>\n\t\t\t\t<div class=\"elementor-element elementor-element-99cf605 elementor-absolute elementor-hidden-mobile elementor-view-default elementor-widget elementor-widget-icon\" data-id=\"99cf605\" data-element_type=\"widget\" data-settings=\"{&quot;_position&quot;:&quot;absolute&quot;}\" data-widget_type=\"icon.default\">\n\t\t\t\t\t\t\t<div class=\"elementor-icon-wrapper\">\n\t\t\t<div class=\"elementor-icon\">\n\t\t\t<svg xmlns=\"http:\/\/www.w3.org\/2000\/svg\" width=\"98\" height=\"98\" viewBox=\"0 0 98 98\" fill=\"none\"><circle cx=\"49\" cy=\"49\" r=\"49\" fill=\"url(#paint0_linear_16_6938)\"><\/circle><defs><linearGradient id=\"paint0_linear_16_6938\" x1=\"13.1463\" y1=\"84.2561\" x2=\"98\" y2=\"2.52884e-06\" gradientUnits=\"userSpaceOnUse\"><stop stop-color=\"#614CE1\"><\/stop><stop offset=\"1\" stop-color=\"#614CE1\" stop-opacity=\"0\"><\/stop><\/linearGradient><\/defs><\/svg>\t\t\t<\/div>\n\t\t<\/div>\n\t\t\t\t\t\t<\/div>\n\t\t\t\t\t<\/div>\n\t\t\t\t<\/div>\n\t\t<div class=\"elementor-element elementor-element-d5c80a9 dark_section_bg2 e-flex e-con-boxed e-con e-parent\" data-id=\"d5c80a9\" data-element_type=\"container\" data-settings=\"{&quot;background_background&quot;:&quot;gradient&quot;}\">\n\t\t\t\t\t<div class=\"e-con-inner\">\n\t\t\t\t<div class=\"elementor-element elementor-element-923aad3 elementor-widget__width-initial elementor-widget elementor-widget-react-heading\" data-id=\"923aad3\" data-element_type=\"widget\" data-widget_type=\"react-heading.default\">\n\t\t\t\t<div class=\"elementor-widget-container\">\n\t\t\t\t\t\t\t<div class=\"animation-style1 react-heading default  title-border-no\">\r\n\t\t\t<div class=\"title-inner no\">\r\n\t\t\t\t<span class=\"sub-text word-line\">Najnowsze artyku\u0142y<\/span><div class=\"skew-up\"><h2 class=\"title word-line\">Najnowsze wpisy na naszym blogu<\/h2><\/div>\t\t\t<\/div>\r\n\t\t\t\r\n\t\t\t\t\t\t\t\t<\/div>\t\t\t\r\n\t\t\t\t\t<\/div>\n\t\t\t\t<\/div>\n\t\t<div class=\"elementor-element elementor-element-22e8f4c e-con-full e-flex e-con e-child\" data-id=\"22e8f4c\" data-element_type=\"container\">\n\t\t\t\t<div class=\"elementor-element elementor-element-21d9452 elementor-widget elementor-widget-react-blog\" data-id=\"21d9452\" data-element_type=\"widget\" data-widget_type=\"react-blog.default\">\n\t\t\t\t<div class=\"elementor-widget-container\">\n\t\t\t\t\t\r\n\t\t<div class=\"reactheme-blog-grid2x reactheme-blog-grid blog--style1\">          \r\n\r\n            <div class=\"row blog-gird-item\">\r\n\t\t\t \t                 \r\n                         \r\n                <\/div>   \r\n                               \r\n            \t    \r\n                              \r\n\t\t<\/div>\r\n\t   \t\t\t\t<\/div>\n\t\t\t\t<\/div>\n\t\t\t\t<div class=\"elementor-element elementor-element-7d36f2f elementor-widget elementor-widget-react-button\" data-id=\"7d36f2f\" data-element_type=\"widget\" data-widget_type=\"react-button.default\">\n\t\t\t\t<div class=\"elementor-widget-container\">\n\t\t\t\t\t\t\r\n\t\t\t\t\t<div class=\"rt_btn_render secondary_btn_2\">\r\n\t\t\t\t\t\t\t\t<a class=\"rts-btn btn-primary-4-border arrow-rotate \" href=\"https:\/\/upseo.net\/blog\/\" >\r\n\t\t\t\t\t\r\n\t\t\t\t\t\t\r\n\t\t\t\t\t<span class=\"btn_text\">Zobacz wi\u0119cej artyku\u0142\u00f3w<\/span>\r\n\r\n\t\t\t\t\t\t\t\t\t<\/a>\r\n\t\t\t<\/div>\r\n\t\t\r\n\t\t\t\t\t<\/div>\n\t\t\t\t<\/div>\n\t\t\t\t<div class=\"elementor-element elementor-element-634dec7 elementor-widget__width-initial elementor-absolute elementor-hidden-mobile elementor-view-default elementor-widget elementor-widget-icon\" data-id=\"634dec7\" data-element_type=\"widget\" data-settings=\"{&quot;_position&quot;:&quot;absolute&quot;}\" data-widget_type=\"icon.default\">\n\t\t\t\t\t\t\t<div class=\"elementor-icon-wrapper\">\n\t\t\t<div class=\"elementor-icon\">\n\t\t\t<svg xmlns=\"http:\/\/www.w3.org\/2000\/svg\" width=\"40\" height=\"40\" viewBox=\"0 0 40 40\" fill=\"none\"><circle cx=\"20\" cy=\"20\" r=\"20\" fill=\"url(#paint0_linear_9_5017)\"><\/circle><defs><linearGradient id=\"paint0_linear_9_5017\" x1=\"-1.37518e-06\" y1=\"35.5\" x2=\"40\" y2=\"2.25995e-06\" gradientUnits=\"userSpaceOnUse\"><stop stop-color=\"#36D659\"><\/stop><stop offset=\"1\" stop-color=\"#36D659\" stop-opacity=\"0\"><\/stop><\/linearGradient><\/defs><\/svg>\t\t\t<\/div>\n\t\t<\/div>\n\t\t\t\t\t\t<\/div>\n\t\t\t\t<\/div>\n\t\t\t\t<div class=\"elementor-element elementor-element-6e10f2e elementor-widget__width-initial elementor-absolute elementor-hidden-mobile elementor-view-default elementor-widget elementor-widget-icon\" data-id=\"6e10f2e\" data-element_type=\"widget\" data-settings=\"{&quot;_position&quot;:&quot;absolute&quot;}\" data-widget_type=\"icon.default\">\n\t\t\t\t\t\t\t<div class=\"elementor-icon-wrapper\">\n\t\t\t<div class=\"elementor-icon\">\n\t\t\t<svg xmlns=\"http:\/\/www.w3.org\/2000\/svg\" width=\"98\" height=\"98\" viewBox=\"0 0 98 98\" fill=\"none\"><circle cx=\"49\" cy=\"49\" r=\"49\" fill=\"url(#paint0_linear_16_6938)\"><\/circle><defs><linearGradient id=\"paint0_linear_16_6938\" x1=\"13.1463\" y1=\"84.2561\" x2=\"98\" y2=\"2.52884e-06\" gradientUnits=\"userSpaceOnUse\"><stop stop-color=\"#614CE1\"><\/stop><stop offset=\"1\" stop-color=\"#614CE1\" stop-opacity=\"0\"><\/stop><\/linearGradient><\/defs><\/svg>\t\t\t<\/div>\n\t\t<\/div>\n\t\t\t\t\t\t<\/div>\n\t\t\t\t<div class=\"elementor-element elementor-element-22f09a5 elementor-widget__width-initial elementor-absolute elementor-hidden-mobile elementor-view-default elementor-widget elementor-widget-icon\" data-id=\"22f09a5\" data-element_type=\"widget\" data-settings=\"{&quot;_position&quot;:&quot;absolute&quot;}\" data-widget_type=\"icon.default\">\n\t\t\t\t\t\t\t<div class=\"elementor-icon-wrapper\">\n\t\t\t<div class=\"elementor-icon\">\n\t\t\t<svg xmlns=\"http:\/\/www.w3.org\/2000\/svg\" width=\"98\" height=\"98\" viewBox=\"0 0 98 98\" fill=\"none\"><circle cx=\"49\" cy=\"49\" r=\"49\" fill=\"url(#paint0_linear_16_6938)\"><\/circle><defs><linearGradient id=\"paint0_linear_16_6938\" x1=\"13.1463\" y1=\"84.2561\" x2=\"98\" y2=\"2.52884e-06\" gradientUnits=\"userSpaceOnUse\"><stop stop-color=\"#614CE1\"><\/stop><stop offset=\"1\" stop-color=\"#614CE1\" stop-opacity=\"0\"><\/stop><\/linearGradient><\/defs><\/svg>\t\t\t<\/div>\n\t\t<\/div>\n\t\t\t\t\t\t<\/div>\n\t\t\t\t\t<\/div>\n\t\t\t\t<\/div>\n\t\t\t\t<\/div>\n\t\t\n    <div class=\"xs_social_share_widget xs_share_url after_content \t\tmain_content  wslu-style-1 wslu-share-box-shaped wslu-fill-colored wslu-none wslu-share-horizontal wslu-theme-font-no wslu-main_content\">\n\n\t\t\n        <ul>\n\t\t\t        <\/ul>\n    <\/div> \n","protected":false},"excerpt":{"rendered":"<p>Zwied\u017a nasz\u0105Najcz\u0119\u015bciej zadawane pytania Nasze FAQ Cz\u0119sto zadawane pytania Jakie s\u0105 g\u0142\u00f3wne us\u0142ugi, kt\u00f3re oferujecie jako firma zajmuj\u0105ca si\u0119 projektowaniem UX i budowaniem marki? Jednak nasza pasja do brandingu i zapotrzebowanie klient\u00f3w sk\u0142oni\u0142y nas do rozszerzenia oferty o kompleksowe us\u0142ugi projektowania marki, projektowania stron internetowych i tworzenia witryn marketingowych. Obecnie nasze projekty obejmuj\u0105 szeroki zakres,&#8230;<\/p>\n","protected":false},"author":1,"featured_media":0,"parent":0,"menu_order":0,"comment_status":"closed","ping_status":"closed","template":"","meta":{"footnotes":""},"class_list":["post-17629","page","type-page","status-publish","hentry"],"_links":{"self":[{"href":"https:\/\/upseo.net\/en\/wp-json\/wp\/v2\/pages\/17629","targetHints":{"allow":["GET"]}}],"collection":[{"href":"https:\/\/upseo.net\/en\/wp-json\/wp\/v2\/pages"}],"about":[{"href":"https:\/\/upseo.net\/en\/wp-json\/wp\/v2\/types\/page"}],"author":[{"embeddable":true,"href":"https:\/\/upseo.net\/en\/wp-json\/wp\/v2\/users\/1"}],"replies":[{"embeddable":true,"href":"https:\/\/upseo.net\/en\/wp-json\/wp\/v2\/comments?post=17629"}],"version-history":[{"count":1,"href":"https:\/\/upseo.net\/en\/wp-json\/wp\/v2\/pages\/17629\/revisions"}],"predecessor-version":[{"id":17630,"href":"https:\/\/upseo.net\/en\/wp-json\/wp\/v2\/pages\/17629\/revisions\/17630"}],"wp:attachment":[{"href":"https:\/\/upseo.net\/en\/wp-json\/wp\/v2\/media?parent=17629"}],"curies":[{"name":"wp","href":"https:\/\/api.w.org\/{rel}","templated":true}]}}