{"id":17808,"date":"2025-07-26T19:53:03","date_gmt":"2025-07-26T17:53:03","guid":{"rendered":"https:\/\/upseo.net\/mobile-seiten-seo\/"},"modified":"2025-09-11T21:55:00","modified_gmt":"2025-09-11T19:55:00","slug":"mobile-seiten-seo","status":"publish","type":"page","link":"https:\/\/upseo.net\/de\/mobile-seiten-seo\/","title":{"rendered":"Mobile Seiten \u2013 SEO"},"content":{"rendered":"\t\t<div data-elementor-type=\"wp-page\" data-elementor-id=\"17808\" class=\"elementor elementor-17808 elementor-17086\">\n\t\t\t\t<div class=\"elementor-element elementor-element-59365cc e-flex e-con-boxed e-con e-parent\" data-id=\"59365cc\" data-element_type=\"container\">\n\t\t\t\t\t<div class=\"e-con-inner\">\n\t\t\t\t<div class=\"elementor-element elementor-element-0de0d40 elementor-widget elementor-widget-heading\" data-id=\"0de0d40\" data-element_type=\"widget\" data-widget_type=\"heading.default\">\n\t\t\t\t\t<h2 class=\"elementor-heading-title elementor-size-default\">Mobile Seiten \u2013 SEO<\/h2>\t\t\t\t<\/div>\n\t\t\t\t\t<\/div>\n\t\t\t\t<\/div>\n\t\t<div class=\"elementor-element elementor-element-e749e76 e-flex e-con-boxed e-con e-parent\" data-id=\"e749e76\" data-element_type=\"container\">\n\t\t\t\t\t<div class=\"e-con-inner\">\n\t\t\t\t<div class=\"elementor-element elementor-element-7a67b67 elementor-widget elementor-widget-text-editor\" data-id=\"7a67b67\" data-element_type=\"widget\" data-widget_type=\"text-editor.default\">\n\t\t\t\t\t\t\t\t\t<p>Google f\u00f6rdert Websites, die f\u00fcr mobile Ger\u00e4te optimiert sind. Um den Anforderungen der Suchmaschine gerecht zu werden, haben wir ein Angebot zur Aktualisierung Ihrer Website auf eine mobile Version vorbereitet und erf\u00fcllen damit die neuesten Anforderungen an die Suchmaschinenoptimierung. <\/p>\t\t\t\t\t\t\t\t<\/div>\n\t\t\t\t\t<\/div>\n\t\t\t\t<\/div>\n\t\t<div class=\"elementor-element elementor-element-0f7bb0d e-flex e-con-boxed e-con e-parent\" data-id=\"0f7bb0d\" data-element_type=\"container\">\n\t\t\t\t\t<div class=\"e-con-inner\">\n\t\t\t\t<div class=\"elementor-element elementor-element-b1cdc88 elementor-widget elementor-widget-heading\" data-id=\"b1cdc88\" data-element_type=\"widget\" data-widget_type=\"heading.default\">\n\t\t\t\t\t<h2 class=\"elementor-heading-title elementor-size-default\">Bleiben Sie nah am Kunden<\/h2>\t\t\t\t<\/div>\n\t\t\t\t\t<\/div>\n\t\t\t\t<\/div>\n\t\t<div class=\"elementor-element elementor-element-f41c534 e-flex e-con-boxed e-con e-parent\" data-id=\"f41c534\" data-element_type=\"container\">\n\t\t\t\t\t<div class=\"e-con-inner\">\n\t\t\t\t<div class=\"elementor-element elementor-element-4d049dd elementor-widget elementor-widget-text-editor\" data-id=\"4d049dd\" data-element_type=\"widget\" data-widget_type=\"text-editor.default\">\n\t\t\t\t\t\t\t\t\t<p>M\u00f6chten Sie f\u00fcr Ihre Kunden immer erreichbar sein? Es ist Zeit, sich f\u00fcr mobile Ger\u00e4te zu \u00f6ffnen! \u00dcber 90 % Ihrer Kunden besitzen mindestens eines davon, und Smartphones und Tablets machen s\u00fcchtig! Der durchschnittliche Nutzer trennt sich nicht von seinem Touchscreen-Telefon und \u00fcberpr\u00fcft es sogar 150 Mal am Tag, w\u00e4hrend der mobile Traffic auf Websites bis zu 25\u201350 % aller Besuche ausmacht! Mit anderen Worten \u2013 Ihre Website muss mobil sein!    <\/p>\t\t\t\t\t\t\t\t<\/div>\n\t\t\t\t\t<\/div>\n\t\t\t\t<\/div>\n\t\t<div class=\"elementor-element elementor-element-2654e84 e-flex e-con-boxed e-con e-parent\" data-id=\"2654e84\" data-element_type=\"container\">\n\t\t\t\t\t<div class=\"e-con-inner\">\n\t\t\t\t<div class=\"elementor-element elementor-element-1a4d540 elementor-widget elementor-widget-heading\" data-id=\"1a4d540\" data-element_type=\"widget\" data-widget_type=\"heading.default\">\n\t\t\t\t\t<h2 class=\"elementor-heading-title elementor-size-default\">Erobern Sie die Herzen der mobilen Nutzer<\/h2>\t\t\t\t<\/div>\n\t\t\t\t\t<\/div>\n\t\t\t\t<\/div>\n\t\t<div class=\"elementor-element elementor-element-c028dd9 e-flex e-con-boxed e-con e-parent\" data-id=\"c028dd9\" data-element_type=\"container\">\n\t\t\t\t\t<div class=\"e-con-inner\">\n\t\t\t\t<div class=\"elementor-element elementor-element-dbf6083 elementor-widget elementor-widget-text-editor\" data-id=\"dbf6083\" data-element_type=\"widget\" data-widget_type=\"text-editor.default\">\n\t\t\t\t\t\t\t\t\t<p>Nur 15 % der Nutzer sind mit der Qualit\u00e4t der auf ihren Mobilger\u00e4ten angezeigten Seiten zufrieden. Dar\u00fcber hinaus werden seit April 2015 Websites in den mobilen Suchergebnissen von Google niedriger eingestuft als solche, die Smartphone-Besitzer problemlos anzeigen k\u00f6nnen. Die L\u00f6sung ist einfach \u2013 der Weg zum Herzen mobiler Kunden f\u00fchrt \u00fcber eine responsive Website, d.h. eine, die im Responsive Web Design erstellt wurde. Dank dieser Technologie passt sich die Website automatisch an das Ger\u00e4t an, auf dem sie angezeigt wird \u2013 es ist nicht n\u00f6tig, den Bildschirm zu \u201edehnen\u201c oder auf Men\u00fcpunkte zu klicken.   <\/p>\t\t\t\t\t\t\t\t<\/div>\n\t\t\t\t\t<\/div>\n\t\t\t\t<\/div>\n\t\t<div class=\"elementor-element elementor-element-a7a354e e-flex e-con-boxed e-con e-parent\" data-id=\"a7a354e\" data-element_type=\"container\">\n\t\t\t\t\t<div class=\"e-con-inner\">\n\t\t\t\t<div class=\"elementor-element elementor-element-3ae8091 elementor-widget elementor-widget-heading\" data-id=\"3ae8091\" data-element_type=\"widget\" data-widget_type=\"heading.default\">\n\t\t\t\t\t<h2 class=\"elementor-heading-title elementor-size-default\">Ein einfaches Rezept f\u00fcr mobilen Erfolg<\/h2>\t\t\t\t<\/div>\n\t\t\t\t\t<\/div>\n\t\t\t\t<\/div>\n\t\t<div class=\"elementor-element elementor-element-66fcf8d e-flex e-con-boxed e-con e-parent\" data-id=\"66fcf8d\" data-element_type=\"container\">\n\t\t\t\t\t<div class=\"e-con-inner\">\n\t\t\t\t<div class=\"elementor-element elementor-element-beeaf3a elementor-widget elementor-widget-text-editor\" data-id=\"beeaf3a\" data-element_type=\"widget\" data-widget_type=\"text-editor.default\">\n\t\t\t\t\t\t\t\t\t<p>Wie k\u00f6nnen Sie Ihre Website an die Bed\u00fcrfnisse mobiler Kunden anpassen? Ganz einfach \u2013 unser Team erfahrener Programmierer erledigt alles f\u00fcr Sie! Zus\u00e4tzlich haben Sie die Gewissheit, dass Ihre Website den SEO-Standards entsprechend vorbereitet wird.  <\/p>\t\t\t\t\t\t\t\t<\/div>\n\t\t\t\t\t<\/div>\n\t\t\t\t<\/div>\n\t\t<div class=\"elementor-element elementor-element-d8d1e22 e-flex e-con-boxed e-con e-parent\" data-id=\"d8d1e22\" data-element_type=\"container\">\n\t\t\t\t\t<div class=\"e-con-inner\">\n\t\t\t\t<div class=\"elementor-element elementor-element-4076cdb elementor-widget elementor-widget-heading\" data-id=\"4076cdb\" data-element_type=\"widget\" data-widget_type=\"heading.default\">\n\t\t\t\t\t<h2 class=\"elementor-heading-title elementor-size-default\">Wir bieten an:<\/h2>\t\t\t\t<\/div>\n\t\t\t\t\t<\/div>\n\t\t\t\t<\/div>\n\t\t<div class=\"elementor-element elementor-element-56bf60f e-flex e-con-boxed e-con e-parent\" data-id=\"56bf60f\" data-element_type=\"container\">\n\t\t\t\t\t<div class=\"e-con-inner\">\n\t\t\t\t<div class=\"elementor-element elementor-element-80e131d elementor-widget elementor-widget-text-editor\" data-id=\"80e131d\" data-element_type=\"widget\" data-widget_type=\"text-editor.default\">\n\t\t\t\t\t\t\t\t\t<ul><li>die Modifizierung der aktuellen Vorlagen Ihrer Website und deren Anpassung f\u00fcr die korrekte Anzeige auf Smartphones und Tablets, d.h. die Erstellung einer responsiven Version der Website<\/li><li>Google Mobile-Friendly-Test<\/li><li>die Implementierung und Installation aller \u00c4nderungen auf Ihrem Server<\/li><\/ul><p>Wir ben\u00f6tigen lediglich Zugriff auf Ihren Server (FTP-Zugangsdaten).<\/p><p>Wichtig ist: Alle sp\u00e4teren \u00c4nderungen, die im Content-Management-System vorgenommen werden, werden auch in den mobilen Versionen sichtbar sein (es ist also nicht notwendig, \u00c4nderungen an mehreren verschiedenen Stellen vorzunehmen).<\/p><p>Man muss nat\u00fcrlich bedenken, dass nicht alle Vorlagen vollst\u00e4ndig in Responsive Web Design \u00fcbertragen werden k\u00f6nnen. Diese Technologie hat ihre Grenzen, aber die meisten (ca. 90 %), einschlie\u00dflich aller wichtigsten Funktionen der Website, werden sicherlich auf mobilen Ger\u00e4ten verf\u00fcgbar sein. <\/p>\t\t\t\t\t\t\t\t<\/div>\n\t\t\t\t\t<\/div>\n\t\t\t\t<\/div>\n\t\t\t\t<\/div>\n\t\t\n    <div class=\"xs_social_share_widget xs_share_url after_content \t\tmain_content  wslu-style-1 wslu-share-box-shaped wslu-fill-colored wslu-none wslu-share-horizontal wslu-theme-font-no wslu-main_content\">\n\n\t\t\n        <ul>\n\t\t\t        <\/ul>\n    <\/div> \n","protected":false},"excerpt":{"rendered":"<p>Mobile Seiten \u2013 SEO Google f\u00f6rdert Websites, die f\u00fcr mobile Ger\u00e4te optimiert sind. Um den Anforderungen der Suchmaschine gerecht zu werden, haben wir ein Angebot zur Aktualisierung Ihrer Website auf eine mobile Version vorbereitet und erf\u00fcllen damit die neuesten Anforderungen an die Suchmaschinenoptimierung. Bleiben Sie nah am Kunden M\u00f6chten Sie f\u00fcr Ihre Kunden immer erreichbar&#8230;<\/p>\n","protected":false},"author":1,"featured_media":0,"parent":0,"menu_order":0,"comment_status":"closed","ping_status":"closed","template":"","meta":{"footnotes":""},"class_list":["post-17808","page","type-page","status-publish","hentry"],"_links":{"self":[{"href":"https:\/\/upseo.net\/de\/wp-json\/wp\/v2\/pages\/17808","targetHints":{"allow":["GET"]}}],"collection":[{"href":"https:\/\/upseo.net\/de\/wp-json\/wp\/v2\/pages"}],"about":[{"href":"https:\/\/upseo.net\/de\/wp-json\/wp\/v2\/types\/page"}],"author":[{"embeddable":true,"href":"https:\/\/upseo.net\/de\/wp-json\/wp\/v2\/users\/1"}],"replies":[{"embeddable":true,"href":"https:\/\/upseo.net\/de\/wp-json\/wp\/v2\/comments?post=17808"}],"version-history":[{"count":1,"href":"https:\/\/upseo.net\/de\/wp-json\/wp\/v2\/pages\/17808\/revisions"}],"predecessor-version":[{"id":17816,"href":"https:\/\/upseo.net\/de\/wp-json\/wp\/v2\/pages\/17808\/revisions\/17816"}],"wp:attachment":[{"href":"https:\/\/upseo.net\/de\/wp-json\/wp\/v2\/media?parent=17808"}],"curies":[{"name":"wp","href":"https:\/\/api.w.org\/{rel}","templated":true}]}}